{"id":10,"date":"2024-01-23T12:40:09","date_gmt":"2024-01-23T12:40:09","guid":{"rendered":"https:\/\/www.lednickevinnetrhy.cz\/?page_id=10"},"modified":"2026-04-20T12:22:45","modified_gmt":"2026-04-20T12:22:45","slug":"domu","status":"publish","type":"page","link":"https:\/\/www.lednickevinnetrhy.cz\/","title":{"rendered":"LEDNICK\u00c9 VINN\u00c9 TRHY 2026"},"content":{"rendered":"\n<p><strong>INFORMACE PRO VE\u0158EJNOST<\/strong><\/p>\n\n\n\n<p>Srde\u010dn\u011b v\u00e1s zveme na <strong>8. ro\u010dn\u00edk Lednick\u00fdch vinn\u00fdch trh\u016f<\/strong> \u2013 jednine\u010dn\u00e9 akce na ji\u017en\u00ed Morav\u011b pln\u00e9 skv\u011bl\u00e9ho v\u00edna, hudby a nezapomenuteln\u00e9 atmosf\u00e9ry. \ud83c\udf47\ud83c\udfb6\ud83e\udd42<\/p>\n\n\n\n<p><strong>Praktick\u00e9 informace:<\/strong><br>\ud83d\udcc5 Sobota 2. kv\u011btna 2026 od 10 hodin do 20 hodin<br>\ud83d\udccd <a href=\"https:\/\/www.hzvinarstvi.cz\/\" data-type=\"link\" data-id=\"https:\/\/www.hzvinarstvi.cz\/\" target=\"_blank\" rel=\"noreferrer noopener\">Vina\u0159stv\u00ed Hrani\u010dn\u00ed z\u00e1me\u010dek<\/a>, Nejdeck\u00e1 714, Lednice (<a href=\"https:\/\/maps.app.goo.gl\/GjLxc6EUYxYqArYB6\" data-type=\"link\" data-id=\"https:\/\/maps.app.goo.gl\/GjLxc6EUYxYqArYB6\" target=\"_blank\" rel=\"noreferrer noopener\">mapa<\/a>)<\/p>\n\n\n\n<p><strong>Program:<\/strong><br>&#8211; Neomezen\u00e1 celodenn\u00ed degustace 440 \u0161pi\u010dkov\u00fdch sout\u011b\u017en\u00edch v\u00edn \ud83c\udf77<br>&#8211; Slavnostn\u00ed vyhl\u00e1\u0161en\u00ed v\u00edt\u011bz\u016f sout\u011b\u017ee v\u00edn \ud83c\udfc6 <br>&#8211; \u017div\u00e1 hudba k tanci i poslechu \ud83c\udfbb<br>&#8211; Z\u00e1bavn\u00fd vina\u0159sk\u00fd doprovodn\u00fd program \ud83c\udf47<\/p>\n\n\n\n<p><strong>Vstupenky:<\/strong><br>&#8211; V <a href=\"https:\/\/www.smsticket.cz\/vstupenky\/67309-lednicke-vinne-trhy-2026-vinarstvi-hranicni-zamecek-lednice\" data-type=\"link\" data-id=\"https:\/\/www.smsticket.cz\/vstupenky\/67309-lednicke-vinne-trhy-2026-vinarstvi-hranicni-zamecek-lednice\" target=\"_blank\" rel=\"noreferrer noopener\">online p\u0159edprodeji na smsticket<\/a> za 490 K\u010d.<br>&#8211; Na m\u00edst\u011b za 550 K\u010d.<\/p>\n\n\n\n<p><strong>V cen\u011b vstupenky je zahrnuto:<\/strong><br>&#8211; Neomezen\u00e1 degustace 440 pr\u00e9miov\u00fdch sout\u011b\u017en\u00edch vzork\u016f v\u00edn \ud83e\udd42<br>&#8211; Pam\u00e1te\u010dn\u00ed degusta\u010dn\u00ed skleni\u010dka \ud83c\udf77 <br>&#8211; Katalog v\u00edn s informacemi o v\u0161ech odr\u016fd\u00e1ch a vzorc\u00edch \ud83d\udcd6<\/p>\n\n\n\n<p>V\u0161ichni jste srde\u010dn\u011b zv\u00e1ni vychutnat si <strong>jedine\u010dnou atmosf\u00e9ru ji\u017en\u00ed Moravy<\/strong>. <br>Dal\u0161\u00ed informace naleznete na&nbsp;na\u0161em <a href=\"https:\/\/www.facebook.com\/people\/Lednick%C3%A9-vinn%C3%A9-trhy\/61573734568313\/\" target=\"_blank\" rel=\"noreferrer noopener\"><strong>Facebooku<\/strong><\/a> nebo <strong><a href=\"https:\/\/www.instagram.com\/lednicke_vinne_trhy\/\" data-type=\"link\" data-id=\"https:\/\/www.instagram.com\/lednicke_vinne_trhy\/\">Instagramu<\/a><\/strong>.<\/p>\n\n\n\n<figure class=\"wp-block-image size-full\"><a href=\"https:\/\/www.kudyznudy.cz\/?utm_source=kzn&amp;utm_medium=partneri_kzn&amp;utm_campaign=banner\"><img loading=\"lazy\" decoding=\"async\" width=\"728\" height=\"90\" src=\"https:\/\/www.lednickevinnetrhy.cz\/wp-content\/uploads\/2025\/04\/1012102023-online-bannery-hq-728x90-1.jpg\" alt=\"\" class=\"wp-image-119\" srcset=\"https:\/\/www.lednickevinnetrhy.cz\/wp-content\/uploads\/2025\/04\/1012102023-online-bannery-hq-728x90-1.jpg 728w, https:\/\/www.lednickevinnetrhy.cz\/wp-content\/uploads\/2025\/04\/1012102023-online-bannery-hq-728x90-1-300x37.jpg 300w\" sizes=\"auto, (max-width: 728px) 100vw, 728px\" \/><\/a><\/figure>\n\n\n\n<p><\/p>\n\n\n\n<p><strong>INFORMACE PRO VINA\u0158E<\/strong><\/p>\n\n\n\n<p>V\u00e1\u017een\u00ed vina\u0159i, dovolte, abychom v\u00e1s pozvali k&nbsp;8. ro\u010dn\u00edku sout\u011b\u017ee Lednick\u00e9 vinn\u00e9 trhy 2026.<br><strong><br>Registrovat sv\u00e9 vzorky m\u016f\u017eete do 15. dubna 2026.<br>Sb\u011br vzork\u016f na vypsan\u00fdch m\u00edstech ve dnech 14.\u201315. dubna 2026.<\/strong><br><br>P\u0159ihl\u00e1\u0161en\u00ed vzork\u016f a&nbsp;seznam sb\u011brn\u00fdch m\u00edst najdete na syst\u00e9mu <strong><a href=\"https:\/\/www.elwis.cz\/cs\/lednicke-vinne-trhy-2026\" target=\"_blank\" rel=\"noreferrer noopener\">ELWIS<\/a><\/strong>.<br><br><strong>Vzorky, poplatky, sb\u011brn\u00e1 m\u00edsta<\/strong><br>&#8211; \u00da\u010dastn\u00edk sout\u011b\u017ee poskytne od ka\u017ed\u00e9ho p\u0159ihl\u00e1\u0161en\u00e9ho vzorku <strong>4 l\u00e1hve<\/strong> do vlastnictv\u00ed po\u0159adatele pro pot\u0159eby senzorick\u00e9ho hodnocen\u00ed a&nbsp;n\u00e1slednou prezentaci sout\u011b\u017en\u00edch v\u00edn.<br>&#8211; P\u0159ihla\u0161ovatel hrad\u00ed <strong>sout\u011b\u017en\u00ed poplatek ve v\u00fd\u0161i 150 K\u010d<\/strong> za ka\u017ed\u00fd p\u0159ihl\u00e1\u0161en\u00fd vzorek p\u0159i p\u0159ed\u00e1n\u00ed vzork\u016f v\u00edn (pouze p\u0159i p\u0159ed\u00e1n\u00ed v&nbsp;Lednici) nebo na \u00fa\u010det po\u0159adatele: 5364799389\/0800.<br><br>Ohodnocen\u00fdm v\u00edn\u016fm budou ud\u011bleny medaile, <strong>cena medail\u00ed je 1,30 K\u010d\/ks<\/strong>.<br><br><strong>Odborn\u00e1 degustace a&nbsp;hodnocen\u00ed sout\u011b\u017en\u00edch vzork\u016f prob\u011bhne 21. dubna 2026 <\/strong>v&nbsp;NVC (budova Excelence, Valtice).<br><br>T\u011b\u0161\u00edme se na va\u0161e v\u00edna!<br>Za vina\u0159sk\u00fd spolek LVA, s \u00factou Zuzana Bene\u0161 Pac\u00e1kov\u00e1<\/p>\n\n\n\n<p><em>Lednick\u00e9 vinn\u00e9 trhy jsou sout\u011b\u017en\u00ed p\u0159ehl\u00eddka v\u00edn s&nbsp;mezin\u00e1rodn\u00ed \u00fa\u010dast\u00ed, organizovan\u00e1 spolkem LVA, ve spolupr\u00e1ci s&nbsp;N\u00e1rodn\u00edm vina\u0159sk\u00fdm centrem a&nbsp;konan\u00e1 v&nbsp;souladu s&nbsp;n\u00e1rodn\u00edmi standardy certifikovan\u00fdch sout\u011b\u017e\u00ed v\u00edn v&nbsp;\u010cR.<\/em><\/p>\n\n\n\n<p><\/p>\n","protected":false},"excerpt":{"rendered":"<p>INFORMACE PRO VE\u0158EJNOST Srde\u010dn\u011b v\u00e1s zveme na 8. ro\u010dn\u00edk Lednick\u00fdch vinn\u00fdch trh\u016f \u2013 jednine\u010dn\u00e9 akce na ji\u017en\u00ed Morav\u011b pln\u00e9 skv\u011bl\u00e9ho v\u00edna, hudby a nezapomenuteln\u00e9 atmosf\u00e9ry. \ud83c\udf47\ud83c\udfb6\ud83e\udd42 Praktick\u00e9 informace:\ud83d\udcc5 Sobota 2. kv\u011btna 2026 od 10 hodin do 20 hodin\ud83d\udccd Vina\u0159stv\u00ed Hrani\u010dn\u00ed z\u00e1me\u010dek, Nejdeck\u00e1 714, Lednice (mapa) Program:&#8211; Neomezen\u00e1 celodenn\u00ed degustace 440 \u0161pi\u010dkov\u00fdch sout\u011b\u017en\u00edch v\u00edn \ud83c\udf77&#8211; Slavnostn\u00ed &hellip; <\/p>\n<p class=\"link-more\"><a href=\"https:\/\/www.lednickevinnetrhy.cz\/\" class=\"more-link\">Pokra\u010dovat ve \u010dten\u00ed<span class=\"screen-reader-text\"> &#8222;LEDNICK\u00c9 VINN\u00c9 TRHY 2026&#8220;<\/span><\/a><\/p>\n","protected":false},"author":1,"featured_media":0,"parent":0,"menu_order":0,"comment_status":"closed","ping_status":"closed","template":"","meta":{"footnotes":""},"class_list":["post-10","page","type-page","status-publish","hentry"],"_links":{"self":[{"href":"https:\/\/www.lednickevinnetrhy.cz\/index.php?rest_route=\/wp\/v2\/pages\/10","targetHints":{"allow":["GET"]}}],"collection":[{"href":"https:\/\/www.lednickevinnetrhy.cz\/index.php?rest_route=\/wp\/v2\/pages"}],"about":[{"href":"https:\/\/www.lednickevinnetrhy.cz\/index.php?rest_route=\/wp\/v2\/types\/page"}],"author":[{"embeddable":true,"href":"https:\/\/www.lednickevinnetrhy.cz\/index.php?rest_route=\/wp\/v2\/users\/1"}],"replies":[{"embeddable":true,"href":"https:\/\/www.lednickevinnetrhy.cz\/index.php?rest_route=%2Fwp%2Fv2%2Fcomments&post=10"}],"version-history":[{"count":34,"href":"https:\/\/www.lednickevinnetrhy.cz\/index.php?rest_route=\/wp\/v2\/pages\/10\/revisions"}],"predecessor-version":[{"id":183,"href":"https:\/\/www.lednickevinnetrhy.cz\/index.php?rest_route=\/wp\/v2\/pages\/10\/revisions\/183"}],"wp:attachment":[{"href":"https:\/\/www.lednickevinnetrhy.cz\/index.php?rest_route=%2Fwp%2Fv2%2Fmedia&parent=10"}],"curies":[{"name":"wp","href":"https:\/\/api.w.org\/{rel}","templated":true}]}}