{"id":11,"date":"2024-01-23T12:40:09","date_gmt":"2024-01-23T12:40:09","guid":{"rendered":"https:\/\/www.lednickevinnetrhy.cz\/?page_id=11"},"modified":"2026-04-27T06:18:26","modified_gmt":"2026-04-27T06:18:26","slug":"o-nas","status":"publish","type":"page","link":"https:\/\/www.lednickevinnetrhy.cz\/?page_id=11","title":{"rendered":"V\u00fdsledky sout\u011b\u017ee"},"content":{"rendered":"\n<h1 class=\"wp-block-heading\">V\u00fdsledky 8. ro\u010dn\u00edku v roce 2026<\/h1>\n\n\n\n<h2 class=\"wp-block-heading\">2026<\/h2>\n\n\n\n<ul class=\"wp-block-list\">\n<li><a href=\"http:\/\/www.lednickevinnetrhy.cz\/wp-content\/uploads\/2026\/04\/Dle_zeme_prihlasovatele.pdf\" data-type=\"link\" data-id=\"http:\/\/www.lednickevinnetrhy.cz\/wp-content\/uploads\/2026\/04\/Dle_zeme_prihlasovatele.pdf\" target=\"_blank\" rel=\"noreferrer noopener\">V\u00fdsledky dle zem\u011b, p\u0159ihla\u0161ovatele a bod\u016f<\/a><\/li>\n\n\n\n<li><a href=\"http:\/\/www.lednickevinnetrhy.cz\/wp-content\/uploads\/2026\/04\/Dle_kategorie_bodu.pdf\" data-type=\"link\" data-id=\"http:\/\/www.lednickevinnetrhy.cz\/wp-content\/uploads\/2026\/04\/Dle_kategorie_bodu.pdf\" target=\"_blank\" rel=\"noreferrer noopener\">V\u00fdsledky dle kategori\u00ed a bod\u016f<\/a><\/li>\n<\/ul>\n\n\n\n<p><strong>Medaile v PNG ke sta\u017een\u00ed<\/strong><br>(pro propagaci na webov\u00fdch str\u00e1nk\u00e1ch a e-shopech):<\/p>\n\n\n\n<ul class=\"wp-block-list\">\n<li><a href=\"http:\/\/www.lednickevinnetrhy.cz\/wp-content\/uploads\/2026\/04\/CHAMPION_2026.png\" data-type=\"link\" data-id=\"http:\/\/www.lednickevinnetrhy.cz\/wp-content\/uploads\/2026\/04\/CHAMPION_2026.png\" target=\"_blank\" rel=\"noreferrer noopener\">Champion 2026<\/a><\/li>\n\n\n\n<li><a href=\"http:\/\/www.lednickevinnetrhy.cz\/wp-content\/uploads\/2026\/04\/VELKA_ZLATA_MEDAILE_2026.png\" data-type=\"link\" data-id=\"http:\/\/www.lednickevinnetrhy.cz\/wp-content\/uploads\/2026\/04\/VELKA_ZLATA_MEDAILE_2026.png\" target=\"_blank\" rel=\"noreferrer noopener\">Velk\u00e1 zlat\u00e1 medaile 2026<\/a><\/li>\n\n\n\n<li><a href=\"http:\/\/www.lednickevinnetrhy.cz\/wp-content\/uploads\/2026\/04\/ZLATA_MEDAILE_2026.png\" data-type=\"link\" data-id=\"http:\/\/www.lednickevinnetrhy.cz\/wp-content\/uploads\/2026\/04\/ZLATA_MEDAILE_2026.png\" target=\"_blank\" rel=\"noreferrer noopener\">Zlat\u00e1 medaile 2026<\/a><\/li>\n\n\n\n<li><a href=\"http:\/\/www.lednickevinnetrhy.cz\/wp-content\/uploads\/2026\/04\/STRIBRNA_MEDAILE_2026.png\" data-type=\"link\" data-id=\"http:\/\/www.lednickevinnetrhy.cz\/wp-content\/uploads\/2026\/04\/STRIBRNA_MEDAILE_2026.png\" target=\"_blank\" rel=\"noreferrer noopener\">St\u0159\u00edbrn\u00e1 medaile 2026<\/a><\/li>\n<\/ul>\n\n\n\n<h1 class=\"wp-block-heading\">V\u00fdsledky uplynul\u00fdch ro\u010dn\u00edk\u016f \/ ke sta\u017een\u00ed<\/h1>\n\n\n\n<h2 class=\"wp-block-heading\">2025<\/h2>\n\n\n\n<ul class=\"wp-block-list\">\n<li><a href=\"http:\/\/www.lednickevinnetrhy.cz\/wp-content\/uploads\/2025\/04\/LVT2025_Dle_zeme_prihlasovatele_bodu.pdf\" target=\"_blank\" rel=\"noreferrer noopener\">V\u00fdsledky dle zem\u011b, p\u0159ihla\u0161ovatele a bod\u016f<\/a><\/li>\n\n\n\n<li><a href=\"http:\/\/www.lednickevinnetrhy.cz\/wp-content\/uploads\/2025\/05\/Dle_kategorie_bodu_.xlsx\" data-type=\"link\" data-id=\"http:\/\/www.lednickevinnetrhy.cz\/wp-content\/uploads\/2025\/05\/Dle_kategorie_bodu_.xlsx\">V\u00fdsledky dle kategori\u00ed a bod\u016f<\/a><\/li>\n<\/ul>\n\n\n\n<p><strong>Medaile v PNG ke sta\u017een\u00ed<\/strong><br>(pro propagaci na webov\u00fdch str\u00e1nk\u00e1ch a e-shopech):<\/p>\n\n\n\n<ul class=\"wp-block-list\">\n<li><a href=\"http:\/\/www.lednickevinnetrhy.cz\/wp-content\/uploads\/2025\/05\/CHAMPION.png\" data-type=\"link\" data-id=\"http:\/\/www.lednickevinnetrhy.cz\/wp-content\/uploads\/2025\/05\/CHAMPION.png\" target=\"_blank\" rel=\"noreferrer noopener\">Champion 2025<\/a><\/li>\n\n\n\n<li><a href=\"http:\/\/www.lednickevinnetrhy.cz\/wp-content\/uploads\/2025\/05\/VELKA_ZLATA_MEDAILE.png\" data-type=\"link\" data-id=\"http:\/\/www.lednickevinnetrhy.cz\/wp-content\/uploads\/2025\/05\/VELKA_ZLATA_MEDAILE.png\" target=\"_blank\" rel=\"noreferrer noopener\">Velk\u00e1 zlat\u00e1 medaile 2025<\/a><\/li>\n\n\n\n<li><a href=\"http:\/\/www.lednickevinnetrhy.cz\/wp-content\/uploads\/2025\/05\/ZLATA_MEDAILE.png\" data-type=\"link\" data-id=\"http:\/\/www.lednickevinnetrhy.cz\/wp-content\/uploads\/2025\/05\/ZLATA_MEDAILE.png\" target=\"_blank\" rel=\"noreferrer noopener\">Zlat\u00e1 medaile 2025<\/a><\/li>\n\n\n\n<li><a href=\"http:\/\/www.lednickevinnetrhy.cz\/wp-content\/uploads\/2025\/05\/STRIBRNA_MEDAILE.png\" data-type=\"link\" data-id=\"http:\/\/www.lednickevinnetrhy.cz\/wp-content\/uploads\/2025\/05\/STRIBRNA_MEDAILE.png\" target=\"_blank\" rel=\"noreferrer noopener\">St\u0159\u00edbrn\u00e1 medaile 2025<\/a><\/li>\n<\/ul>\n\n\n\n<h2 class=\"wp-block-heading\">2024<\/h2>\n\n\n\n<ul class=\"wp-block-list\">\n<li><a href=\"http:\/\/www.lednickevinnetrhy.cz\/wp-content\/uploads\/2024\/04\/LVT2024_Dle_kategorie_bodu.xlsx\">V\u00fdsledky dle kategorie a bod\u016f<\/a><\/li>\n\n\n\n<li><a href=\"http:\/\/www.lednickevinnetrhy.cz\/wp-content\/uploads\/2024\/04\/LVT2024_Dle_zeme_prihlasovatele_bodu.xlsx\">V\u00fdsledky dle zem\u011b, p\u0159ihla\u0161ovatele a bod\u016f<\/a><\/li>\n<\/ul>\n\n\n\n<p><strong>Medaile v PNG ke sta\u017een\u00ed<\/strong><br>(pro propagaci na webov\u00fdch str\u00e1nk\u00e1ch a e-shopech):<\/p>\n\n\n\n<ul class=\"wp-block-list\">\n<li><a href=\"http:\/\/www.lednickevinnetrhy.cz\/wp-content\/uploads\/2024\/06\/LVT2024_VZM.png\">Velk\u00e1 zlat\u00e1 medaile<\/a><\/li>\n\n\n\n<li><a href=\"http:\/\/www.lednickevinnetrhy.cz\/wp-content\/uploads\/2024\/06\/LVT2024_ZM.png\">Zlat\u00e1 medaile<\/a><\/li>\n\n\n\n<li><a href=\"http:\/\/www.lednickevinnetrhy.cz\/wp-content\/uploads\/2024\/06\/LVT2024_SM.png\">St\u0159\u00edbrn\u00e1 medaile<\/a><\/li>\n<\/ul>\n\n\n\n<h2 class=\"wp-block-heading\">2023<\/h2>\n\n\n\n<ul class=\"wp-block-list\">\n<li><a href=\"http:\/\/www.lednickevinnetrhy.cz\/wp-content\/uploads\/2024\/02\/LVT2023_Vysledky_dle_kategorii_a_bodu.xlsx\" data-type=\"link\" data-id=\"http:\/\/www.lednickevinnetrhy.cz\/wp-content\/uploads\/2024\/02\/LVT2023_Vysledky_dle_kategorii_a_bodu.xlsx\">V\u00fdsledky dle kategori\u00ed a bod\u016f<\/a><\/li>\n\n\n\n<li><a href=\"http:\/\/www.lednickevinnetrhy.cz\/wp-content\/uploads\/2024\/02\/LVT2023_Vysledky_dle_kategore_odrud_bodu.xlsx\">V\u00fdsledky dle kategori\u00ed, odr\u016fd a bod\u016f<\/a><\/li>\n\n\n\n<li><a href=\"http:\/\/www.lednickevinnetrhy.cz\/wp-content\/uploads\/2024\/02\/LVT2023_Vysledky_dle_firem.xlsx\">V\u00fdsledky dle firem<\/a><\/li>\n\n\n\n<li><a href=\"http:\/\/www.lednickevinnetrhy.cz\/wp-content\/uploads\/2024\/02\/LVT2023_Statistika.docx\">Statistika<\/a><\/li>\n\n\n\n<li><a href=\"http:\/\/www.lednickevinnetrhy.cz\/wp-content\/uploads\/2024\/02\/LVT2023_Seznam_komisi.docx\">Seznam komis\u00ed<\/a><\/li>\n<\/ul>\n\n\n\n<p><strong>Medaile v PNG ke sta\u017een\u00ed<\/strong><br>(pro propagaci na webov\u00fdch str\u00e1nk\u00e1ch a e-shopech):<\/p>\n\n\n\n<ul class=\"wp-block-list\">\n<li><a href=\"http:\/\/www.lednickevinnetrhy.cz\/wp-content\/uploads\/2024\/02\/LVT2023_champion.png\">Champion<\/a><\/li>\n\n\n\n<li><a href=\"http:\/\/www.lednickevinnetrhy.cz\/wp-content\/uploads\/2024\/02\/LVT2023_velka_zlata.png\">Velk\u00e1 zlat\u00e1 medaile<\/a><\/li>\n\n\n\n<li><a href=\"http:\/\/www.lednickevinnetrhy.cz\/wp-content\/uploads\/2024\/02\/LVT2023_zlata.png\">Zlat\u00e1 medaile<\/a><\/li>\n\n\n\n<li><a href=\"http:\/\/www.lednickevinnetrhy.cz\/wp-content\/uploads\/2024\/02\/LVT2023_stribrna.png\">St\u0159\u00edbrn\u00e1 medaile<\/a><\/li>\n<\/ul>\n\n\n\n<h2 class=\"wp-block-heading\">Star\u0161\u00ed v\u00fdsledky ke sta\u017een\u00ed<\/h2>\n\n\n\n<ul class=\"wp-block-list\">\n<li><a href=\"http:\/\/www.lednickevinnetrhy.cz\/wp-content\/uploads\/2024\/02\/LVT2022.xlsx\">V\u00fdsledky Lednick\u00fdch vinn\u00fdch trh\u016f 2022<\/a><\/li>\n\n\n\n<li><a href=\"http:\/\/www.lednickevinnetrhy.cz\/wp-content\/uploads\/2024\/02\/LVT2021.xlsx\">V\u00fdsledky Lednick\u00fdch vinn\u00fdch trh\u016f 2021<\/a><\/li>\n\n\n\n<li><a href=\"http:\/\/www.lednickevinnetrhy.cz\/wp-content\/uploads\/2024\/02\/LVT2020.xlsx\">V\u00fdsledky Lednick\u00fdch vinn\u00fdch trh\u016f 2020<\/a><\/li>\n\n\n\n<li><a href=\"http:\/\/www.lednickevinnetrhy.cz\/wp-content\/uploads\/2024\/02\/LVT2018.xlsx\">V\u00fdsledky Lednick\u00fdch vinn\u00fdch trh\u016f 2018<\/a><\/li>\n<\/ul>\n","protected":false},"excerpt":{"rendered":"<p>V\u00fdsledky 8. ro\u010dn\u00edku v roce 2026 2026 Medaile v PNG ke sta\u017een\u00ed(pro propagaci na webov\u00fdch str\u00e1nk\u00e1ch a e-shopech): V\u00fdsledky uplynul\u00fdch ro\u010dn\u00edk\u016f \/ ke sta\u017een\u00ed 2025 Medaile v PNG ke sta\u017een\u00ed(pro propagaci na webov\u00fdch str\u00e1nk\u00e1ch a e-shopech): 2024 Medaile v PNG ke sta\u017een\u00ed(pro propagaci na webov\u00fdch str\u00e1nk\u00e1ch a e-shopech): 2023 Medaile v PNG ke sta\u017een\u00ed(pro propagaci &hellip; <\/p>\n<p class=\"link-more\"><a href=\"https:\/\/www.lednickevinnetrhy.cz\/?page_id=11\" class=\"more-link\">Pokra\u010dovat ve \u010dten\u00ed<span class=\"screen-reader-text\"> &#8222;V\u00fdsledky sout\u011b\u017ee&#8220;<\/span><\/a><\/p>\n","protected":false},"author":1,"featured_media":56,"parent":0,"menu_order":0,"comment_status":"closed","ping_status":"closed","template":"","meta":{"footnotes":""},"class_list":["post-11","page","type-page","status-publish","has-post-thumbnail","hentry"],"_links":{"self":[{"href":"https:\/\/www.lednickevinnetrhy.cz\/index.php?rest_route=\/wp\/v2\/pages\/11","targetHints":{"allow":["GET"]}}],"collection":[{"href":"https:\/\/www.lednickevinnetrhy.cz\/index.php?rest_route=\/wp\/v2\/pages"}],"about":[{"href":"https:\/\/www.lednickevinnetrhy.cz\/index.php?rest_route=\/wp\/v2\/types\/page"}],"author":[{"embeddable":true,"href":"https:\/\/www.lednickevinnetrhy.cz\/index.php?rest_route=\/wp\/v2\/users\/1"}],"replies":[{"embeddable":true,"href":"https:\/\/www.lednickevinnetrhy.cz\/index.php?rest_route=%2Fwp%2Fv2%2Fcomments&post=11"}],"version-history":[{"count":26,"href":"https:\/\/www.lednickevinnetrhy.cz\/index.php?rest_route=\/wp\/v2\/pages\/11\/revisions"}],"predecessor-version":[{"id":201,"href":"https:\/\/www.lednickevinnetrhy.cz\/index.php?rest_route=\/wp\/v2\/pages\/11\/revisions\/201"}],"wp:featuredmedia":[{"embeddable":true,"href":"https:\/\/www.lednickevinnetrhy.cz\/index.php?rest_route=\/wp\/v2\/media\/56"}],"wp:attachment":[{"href":"https:\/\/www.lednickevinnetrhy.cz\/index.php?rest_route=%2Fwp%2Fv2%2Fmedia&parent=11"}],"curies":[{"name":"wp","href":"https:\/\/api.w.org\/{rel}","templated":true}]}}