{"id":14,"date":"2024-01-23T12:40:09","date_gmt":"2024-01-23T12:40:09","guid":{"rendered":"https:\/\/www.lednickevinnetrhy.cz\/?page_id=14"},"modified":"2026-04-23T07:04:55","modified_gmt":"2026-04-23T07:04:55","slug":"sekce-domovske-stranky","status":"publish","type":"page","link":"https:\/\/www.lednickevinnetrhy.cz\/?page_id=14","title":{"rendered":"Statut sout\u011b\u017ee"},"content":{"rendered":"\n<ul class=\"wp-block-list\">\n<li><a href=\"http:\/\/www.lednickevinnetrhy.cz\/wp-content\/uploads\/2026\/04\/Statut_souteze_Lednicke_vinne_trhy_2026.pdf\" data-type=\"link\" data-id=\"http:\/\/www.lednickevinnetrhy.cz\/wp-content\/uploads\/2026\/04\/Statut_souteze_Lednicke_vinne_trhy_2026.pdf\" target=\"_blank\" rel=\"noreferrer noopener\">Statut sout\u011b\u017ee Lednick\u00e9 vinn\u00e9 trhy 2026<\/a><\/li>\n<\/ul>\n\n\n\n<p><\/p>\n","protected":false},"excerpt":{"rendered":"","protected":false},"author":1,"featured_media":55,"parent":0,"menu_order":0,"comment_status":"closed","ping_status":"closed","template":"","meta":{"footnotes":""},"class_list":["post-14","page","type-page","status-publish","has-post-thumbnail","hentry"],"_links":{"self":[{"href":"https:\/\/www.lednickevinnetrhy.cz\/index.php?rest_route=\/wp\/v2\/pages\/14","targetHints":{"allow":["GET"]}}],"collection":[{"href":"https:\/\/www.lednickevinnetrhy.cz\/index.php?rest_route=\/wp\/v2\/pages"}],"about":[{"href":"https:\/\/www.lednickevinnetrhy.cz\/index.php?rest_route=\/wp\/v2\/types\/page"}],"author":[{"embeddable":true,"href":"https:\/\/www.lednickevinnetrhy.cz\/index.php?rest_route=\/wp\/v2\/users\/1"}],"replies":[{"embeddable":true,"href":"https:\/\/www.lednickevinnetrhy.cz\/index.php?rest_route=%2Fwp%2Fv2%2Fcomments&post=14"}],"version-history":[{"count":10,"href":"https:\/\/www.lednickevinnetrhy.cz\/index.php?rest_route=\/wp\/v2\/pages\/14\/revisions"}],"predecessor-version":[{"id":189,"href":"https:\/\/www.lednickevinnetrhy.cz\/index.php?rest_route=\/wp\/v2\/pages\/14\/revisions\/189"}],"wp:featuredmedia":[{"embeddable":true,"href":"https:\/\/www.lednickevinnetrhy.cz\/index.php?rest_route=\/wp\/v2\/media\/55"}],"wp:attachment":[{"href":"https:\/\/www.lednickevinnetrhy.cz\/index.php?rest_route=%2Fwp%2Fv2%2Fmedia&parent=14"}],"curies":[{"name":"wp","href":"https:\/\/api.w.org\/{rel}","templated":true}]}}